{"id":135,"date":"2021-03-11T17:55:38","date_gmt":"2021-03-11T16:55:38","guid":{"rendered":"https:\/\/docderx.de\/?page_id=135"},"modified":"2021-03-18T16:47:00","modified_gmt":"2021-03-18T15:47:00","slug":"wer-wir-sind","status":"publish","type":"page","link":"https:\/\/docderx.de\/?page_id=135","title":{"rendered":"Wer wir sind."},"content":{"rendered":"\n<div class=\"wp-block-columns\">\n<div class=\"wp-block-column\" style=\"flex-basis:100%\">\n<div class=\"wp-block-columns\">\n<div class=\"wp-block-column\" style=\"flex-basis:100%\">\n<div class=\"wp-block-columns\">\n<div class=\"wp-block-column\">\n<p class=\"has-drop-cap\">DocDerx besteht in erster Linie aus dem Gr\u00fcnder und Gesch\u00e4ftsf\u00fchrer O. Derks.<br>Veranstaltungstechniker und Theaterliebhaber mit Leib und Seele sowie Requisitenbauer seit den sp\u00e4ten 90ern, hat Herr Derks im Jahre 2020 die Home Automation f\u00fcr sich entdeckt.<br>Herr Derks arbeitet seit Mitte der 90er Jahre in der Veranstaltungsbrache, angefangen von den B\u00fcrgerh\u00e4usern in Dreieich und den Dreieichenhainer Burgfestspielen, geh\u00f6rten \u00fcber die Jahre u.a. auch Bodo Wartke und so bekannte Namen wie Eckhard von Hirschhausen zu seinen Kunden im Bereich Lichttechnik und Lichtdesign. Das English Theater in Frankfurt nimmt seine Dienste als Pyrotechniker, Lichttechniker, Operator und Verantwortlicher nach VSt\u00e4ttV seit Ende der 90er wahr.<\/p>\n<\/div>\n\n\n\n<div class=\"wp-block-column\">\n<div class=\"wp-block-image is-style-default\"><figure class=\"aligncenter size-large is-resized\"><img loading=\"lazy\" src=\"https:\/\/docderx.de\/wp-content\/uploads\/2021\/03\/IMG_20210211_154230-873x1024.jpg\" alt=\"my myself and i\" class=\"wp-image-225\" width=\"369\" height=\"432\" srcset=\"https:\/\/docderx.de\/wp-content\/uploads\/2021\/03\/IMG_20210211_154230-873x1024.jpg 873w, https:\/\/docderx.de\/wp-content\/uploads\/2021\/03\/IMG_20210211_154230-256x300.jpg 256w, https:\/\/docderx.de\/wp-content\/uploads\/2021\/03\/IMG_20210211_154230-768x901.jpg 768w, https:\/\/docderx.de\/wp-content\/uploads\/2021\/03\/IMG_20210211_154230-1309x1536.jpg 1309w, https:\/\/docderx.de\/wp-content\/uploads\/2021\/03\/IMG_20210211_154230.jpg 1676w\" sizes=\"(max-width: 369px) 100vw, 369px\" \/><figcaption>O. Derks\n<\/figcaption><\/figure><\/div>\n<\/div>\n<\/div>\n<\/div>\n<\/div>\n<\/div>\n<\/div>\n\n\n\n<p>more to come soon&#8230;.<br><\/p>\n","protected":false},"excerpt":{"rendered":"<div class=\"entry-summary\">\nmore to come soon&#8230;.\n<\/div>\n<div class=\"link-more\"><a href=\"https:\/\/docderx.de\/?page_id=135\" class=\"more-link\">Continue reading<span class=\"screen-reader-text\"> &ldquo;Wer wir sind.&rdquo;<\/span>&hellip;<\/a><\/div>\n","protected":false},"author":1,"featured_media":0,"parent":0,"menu_order":0,"comment_status":"closed","ping_status":"closed","template":"","meta":[],"_links":{"self":[{"href":"https:\/\/docderx.de\/index.php?rest_route=\/wp\/v2\/pages\/135"}],"collection":[{"href":"https:\/\/docderx.de\/index.php?rest_route=\/wp\/v2\/pages"}],"about":[{"href":"https:\/\/docderx.de\/index.php?rest_route=\/wp\/v2\/types\/page"}],"author":[{"embeddable":true,"href":"https:\/\/docderx.de\/index.php?rest_route=\/wp\/v2\/users\/1"}],"replies":[{"embeddable":true,"href":"https:\/\/docderx.de\/index.php?rest_route=%2Fwp%2Fv2%2Fcomments&post=135"}],"version-history":[{"count":6,"href":"https:\/\/docderx.de\/index.php?rest_route=\/wp\/v2\/pages\/135\/revisions"}],"predecessor-version":[{"id":227,"href":"https:\/\/docderx.de\/index.php?rest_route=\/wp\/v2\/pages\/135\/revisions\/227"}],"wp:attachment":[{"href":"https:\/\/docderx.de\/index.php?rest_route=%2Fwp%2Fv2%2Fmedia&parent=135"}],"curies":[{"name":"wp","href":"https:\/\/api.w.org\/{rel}","templated":true}]}}