{"id":63,"date":"2020-12-04T13:51:57","date_gmt":"2020-12-04T13:51:57","guid":{"rendered":"https:\/\/docderx.falscherhase.com\/?page_id=63"},"modified":"2021-03-18T16:53:24","modified_gmt":"2021-03-18T15:53:24","slug":"led-balls","status":"publish","type":"page","link":"https:\/\/docderx.de\/?page_id=63","title":{"rendered":"LED Balls"},"content":{"rendered":"\t\t<div data-elementor-type=\"wp-page\" data-elementor-id=\"63\" class=\"elementor elementor-63\" data-elementor-settings=\"[]\">\n\t\t\t\t\t\t\t<div class=\"elementor-section-wrap\">\n\t\t\t\t\t\t\t<section class=\"elementor-section elementor-top-section elementor-element elementor-element-0b94608 elementor-section-boxed elementor-section-height-default elementor-section-height-default\" data-id=\"0b94608\" data-element_type=\"section\">\n\t\t\t\t\t\t<div class=\"elementor-container elementor-column-gap-default\">\n\t\t\t\t\t<div class=\"elementor-column elementor-col-100 elementor-top-column elementor-element elementor-element-ed3f7ae\" data-id=\"ed3f7ae\" data-element_type=\"column\">\n\t\t\t<div class=\"elementor-widget-wrap elementor-element-populated\">\n\t\t\t\t\t\t\t\t<div class=\"elementor-element elementor-element-a8c1e77 elementor-widget elementor-widget-text-editor\" data-id=\"a8c1e77\" data-element_type=\"widget\" data-widget_type=\"text-editor.default\">\n\t\t\t\t<div class=\"elementor-widget-container\">\n\t\t\t\t\t\t\t\t<p style=\"text-align: left;\">Extrem helle (~1200 Lumen) per Web-Interface programmierbare LED Jonglierb\u00e4lle.<br \/>Eigenentwicklung im Kundenauftrag.<br \/>Durch Nutzung eines speziellen verbindungslosen Protokolls, ist nicht nur die verschl\u00fcsselte \u00dcbertragung der Showdaten auf die B\u00e4lle, sondern auch ein Millisekunden genaues Ausl\u00f6sen, selbst in den funktechnisch &#8220;lautesten&#8221; Umgebungen, sicher und nahezu in Echtzeit m\u00f6glich.<br \/>Mit dem in der Fernbedienung integrierten Web-Interface sind bequem bis zu 200 Cues in simplen, verst\u00e4ndlichen Anweisungen nach Zeit programmierbar. <br \/>Zur Einrichtung ist nur ein PC oder Handy mit Browser und WLAN n\u00f6tig.<br \/>Ben\u00f6tigt keinerlei externe Software oder Internet.<\/p>\t\t\t\t\t\t<\/div>\n\t\t\t\t<\/div>\n\t\t\t\t\t<\/div>\n\t\t<\/div>\n\t\t\t\t\t\t\t<\/div>\n\t\t<\/section>\n\t\t\t\t<section class=\"elementor-section elementor-top-section elementor-element elementor-element-a8a9826 elementor-section-boxed elementor-section-height-default elementor-section-height-default\" data-id=\"a8a9826\" data-element_type=\"section\">\n\t\t\t\t\t\t<div class=\"elementor-container elementor-column-gap-default\">\n\t\t\t\t\t<div class=\"elementor-column elementor-col-100 elementor-top-column elementor-element elementor-element-a640a6e\" data-id=\"a640a6e\" data-element_type=\"column\">\n\t\t\t<div class=\"elementor-widget-wrap elementor-element-populated\">\n\t\t\t\t\t\t\t\t<div class=\"elementor-element elementor-element-398989c elementor-widget elementor-widget-heading\" data-id=\"398989c\" data-element_type=\"widget\" data-widget_type=\"heading.default\">\n\t\t\t\t<div class=\"elementor-widget-container\">\n\t\t\t<h6 class=\"elementor-heading-title elementor-size-default\">Technische Daten<\/h6>\t\t<\/div>\n\t\t\t\t<\/div>\n\t\t\t\t\t<\/div>\n\t\t<\/div>\n\t\t\t\t\t\t\t<\/div>\n\t\t<\/section>\n\t\t\t\t<section class=\"elementor-section elementor-top-section elementor-element elementor-element-74c6310 elementor-section-boxed elementor-section-height-default elementor-section-height-default\" data-id=\"74c6310\" data-element_type=\"section\">\n\t\t\t\t\t\t<div class=\"elementor-container elementor-column-gap-default\">\n\t\t\t\t\t<div class=\"elementor-column elementor-col-100 elementor-top-column elementor-element elementor-element-4c09b1e\" data-id=\"4c09b1e\" data-element_type=\"column\">\n\t\t\t<div class=\"elementor-widget-wrap elementor-element-populated\">\n\t\t\t\t\t\t\t\t<div class=\"elementor-element elementor-element-5a1986e elementor-widget elementor-widget-text-editor\" data-id=\"5a1986e\" data-element_type=\"widget\" data-widget_type=\"text-editor.default\">\n\t\t\t\t<div class=\"elementor-widget-container\">\n\t\t\t\t\t\t\t\t<ul><li>CPU: ESP8285-M1<\/li><li>LEDs: 24 x Epistar 5730 (~55-60lumen @ 150mA)<\/li><li>Dimmer: N-Channel Mosfet LR2905z (60A @ V<sub>gs<\/sub>=10v)<\/li><li>Batterie: 16340er Li-Ion zb. TrustFire TF16340 (3,7v | 880mAh)<\/li><li>Regler: TPS73633 LDO Regler ( V<sub>dropout<\/sub>=75mV | max<sub>A<\/sub>=800mA@3,3v | Reverse Voltage Protection | Built-in Mosfet)<\/li><li>Aktive Spannungsmessung und Anpassung der Dimmerkurve an die Ladung des Akkus<\/li><li>Automatischer Tiefentladeschutz. (Rote LED blinkt beim Einschalten.)<\/li><li>Automatische Abschaltung bei Nichtbenutzung.<\/li><li>Spezielle Schaltung zum schonen des Akkus bei langen Liegezeiten.<\/li><\/ul>\t\t\t\t\t\t<\/div>\n\t\t\t\t<\/div>\n\t\t\t\t\t<\/div>\n\t\t<\/div>\n\t\t\t\t\t\t\t<\/div>\n\t\t<\/section>\n\t\t\t\t<section class=\"elementor-section elementor-top-section elementor-element elementor-element-ba6748c elementor-section-boxed elementor-section-height-default elementor-section-height-default\" data-id=\"ba6748c\" data-element_type=\"section\">\n\t\t\t\t\t\t<div class=\"elementor-container elementor-column-gap-default\">\n\t\t\t\t\t<div class=\"elementor-column elementor-col-50 elementor-top-column elementor-element elementor-element-b62b598\" data-id=\"b62b598\" data-element_type=\"column\">\n\t\t\t<div class=\"elementor-widget-wrap elementor-element-populated\">\n\t\t\t\t\t\t\t\t<div class=\"elementor-element elementor-element-07e43c5 elementor-widget elementor-widget-image\" data-id=\"07e43c5\" data-element_type=\"widget\" data-widget_type=\"image.default\">\n\t\t\t\t<div class=\"elementor-widget-container\">\n\t\t\t\t\t\t\t\t\t\t\t\t<figure class=\"wp-caption\">\n\t\t\t\t\t\t\t\t\t\t<img width=\"768\" height=\"759\" src=\"https:\/\/docderx.de\/wp-content\/uploads\/2020\/12\/balls-pcb-in-bed-768x759.jpg\" class=\"attachment-medium_large size-medium_large\" alt=\"\" loading=\"lazy\" srcset=\"https:\/\/docderx.de\/wp-content\/uploads\/2020\/12\/balls-pcb-in-bed-768x759.jpg 768w, https:\/\/docderx.de\/wp-content\/uploads\/2020\/12\/balls-pcb-in-bed-300x297.jpg 300w, https:\/\/docderx.de\/wp-content\/uploads\/2020\/12\/balls-pcb-in-bed-1024x1012.jpg 1024w, https:\/\/docderx.de\/wp-content\/uploads\/2020\/12\/balls-pcb-in-bed.jpg 1125w\" sizes=\"(max-width: 768px) 100vw, 768px\" \/>\t\t\t\t\t\t\t\t\t\t\t<figcaption class=\"widget-image-caption wp-caption-text\">The first fully assembled PCB<\/figcaption>\n\t\t\t\t\t\t\t\t\t\t<\/figure>\n\t\t\t\t\t\t\t\t\t<\/div>\n\t\t\t\t<\/div>\n\t\t\t\t\t<\/div>\n\t\t<\/div>\n\t\t\t\t<div class=\"elementor-column elementor-col-50 elementor-top-column elementor-element elementor-element-a3202cf\" data-id=\"a3202cf\" data-element_type=\"column\">\n\t\t\t<div class=\"elementor-widget-wrap elementor-element-populated\">\n\t\t\t\t\t\t\t\t<div class=\"elementor-element elementor-element-4041859 elementor-widget elementor-widget-image\" data-id=\"4041859\" data-element_type=\"widget\" data-widget_type=\"image.default\">\n\t\t\t\t<div class=\"elementor-widget-container\">\n\t\t\t\t\t\t\t\t\t\t\t\t<figure class=\"wp-caption\">\n\t\t\t\t\t\t\t\t\t\t<img width=\"1024\" height=\"951\" src=\"https:\/\/docderx.de\/wp-content\/uploads\/2020\/12\/balls-1st-mockup-ESPs-1024x951.jpg\" class=\"attachment-large size-large\" alt=\"\" loading=\"lazy\" srcset=\"https:\/\/docderx.de\/wp-content\/uploads\/2020\/12\/balls-1st-mockup-ESPs-1024x951.jpg 1024w, https:\/\/docderx.de\/wp-content\/uploads\/2020\/12\/balls-1st-mockup-ESPs-300x279.jpg 300w, https:\/\/docderx.de\/wp-content\/uploads\/2020\/12\/balls-1st-mockup-ESPs-768x713.jpg 768w, https:\/\/docderx.de\/wp-content\/uploads\/2020\/12\/balls-1st-mockup-ESPs.jpg 1047w\" sizes=\"(max-width: 1024px) 100vw, 1024px\" \/>\t\t\t\t\t\t\t\t\t\t\t<figcaption class=\"widget-image-caption wp-caption-text\">The first mockup compared with ESP PCB sizes<\/figcaption>\n\t\t\t\t\t\t\t\t\t\t<\/figure>\n\t\t\t\t\t\t\t\t\t<\/div>\n\t\t\t\t<\/div>\n\t\t\t\t\t<\/div>\n\t\t<\/div>\n\t\t\t\t\t\t\t<\/div>\n\t\t<\/section>\n\t\t\t\t<section class=\"elementor-section elementor-top-section elementor-element elementor-element-048d239 elementor-section-boxed elementor-section-height-default elementor-section-height-default\" data-id=\"048d239\" data-element_type=\"section\">\n\t\t\t\t\t\t<div class=\"elementor-container elementor-column-gap-default\">\n\t\t\t\t\t<div class=\"elementor-column elementor-col-100 elementor-top-column elementor-element elementor-element-2df9442\" data-id=\"2df9442\" data-element_type=\"column\">\n\t\t\t<div class=\"elementor-widget-wrap elementor-element-populated\">\n\t\t\t\t\t\t\t\t<div class=\"elementor-element elementor-element-e0d4f9f elementor-aspect-ratio-169 elementor-widget elementor-widget-video\" data-id=\"e0d4f9f\" data-element_type=\"widget\" data-settings=\"{&quot;video_type&quot;:&quot;hosted&quot;,&quot;mute&quot;:&quot;yes&quot;,&quot;controls&quot;:&quot;yes&quot;,&quot;aspect_ratio&quot;:&quot;169&quot;}\" data-widget_type=\"video.default\">\n\t\t\t\t<div class=\"elementor-widget-container\">\n\t\t\t\t\t<div class=\"e-hosted-video elementor-wrapper elementor-fit-aspect-ratio elementor-open-inline\">\n\t\t\t\t\t<video class=\"elementor-video\" src=\"https:\/\/docderx.de\/wp-content\/uploads\/2021\/03\/balls-testrigg-programming-seq.mp4\" controls=\"\" muted=\"muted\" controlsList=\"nodownload\"><\/video>\n\t\t\t\t<\/div>\n\t\t\t\t<\/div>\n\t\t\t\t<\/div>\n\t\t\t\t\t<\/div>\n\t\t<\/div>\n\t\t\t\t\t\t\t<\/div>\n\t\t<\/section>\n\t\t\t\t<section class=\"elementor-section elementor-top-section elementor-element elementor-element-6efdbf1 elementor-section-boxed elementor-section-height-default elementor-section-height-default\" data-id=\"6efdbf1\" data-element_type=\"section\">\n\t\t\t\t\t\t<div class=\"elementor-container elementor-column-gap-default\">\n\t\t\t\t\t<div class=\"elementor-column elementor-col-100 elementor-top-column elementor-element elementor-element-a387a79\" data-id=\"a387a79\" data-element_type=\"column\">\n\t\t\t<div class=\"elementor-widget-wrap elementor-element-populated\">\n\t\t\t\t\t\t\t\t<div class=\"elementor-element elementor-element-67b392b elementor-widget elementor-widget-heading\" data-id=\"67b392b\" data-element_type=\"widget\" data-widget_type=\"heading.default\">\n\t\t\t\t<div class=\"elementor-widget-container\">\n\t\t\t<p class=\"elementor-heading-title elementor-size-default\">Acht B\u00e4lle auf der Testbank<\/p>\t\t<\/div>\n\t\t\t\t<\/div>\n\t\t\t\t\t<\/div>\n\t\t<\/div>\n\t\t\t\t\t\t\t<\/div>\n\t\t<\/section>\n\t\t\t\t<section class=\"elementor-section elementor-top-section elementor-element elementor-element-a21d440 elementor-section-boxed elementor-section-height-default elementor-section-height-default\" data-id=\"a21d440\" data-element_type=\"section\">\n\t\t\t\t\t\t<div class=\"elementor-container elementor-column-gap-default\">\n\t\t\t\t\t<div class=\"elementor-column elementor-col-100 elementor-top-column elementor-element elementor-element-019fb3d\" data-id=\"019fb3d\" data-element_type=\"column\">\n\t\t\t<div class=\"elementor-widget-wrap elementor-element-populated\">\n\t\t\t\t\t\t\t\t<div class=\"elementor-element elementor-element-5e22c72 elementor-widget elementor-widget-image\" data-id=\"5e22c72\" data-element_type=\"widget\" data-widget_type=\"image.default\">\n\t\t\t\t<div class=\"elementor-widget-container\">\n\t\t\t\t\t\t\t\t\t\t\t\t<figure class=\"wp-caption\">\n\t\t\t\t\t\t\t\t\t\t<img width=\"907\" height=\"805\" src=\"https:\/\/docderx.de\/wp-content\/uploads\/2020\/12\/balls-1st-mockup2.jpg\" class=\"attachment-large size-large\" alt=\"\" loading=\"lazy\" srcset=\"https:\/\/docderx.de\/wp-content\/uploads\/2020\/12\/balls-1st-mockup2.jpg 907w, https:\/\/docderx.de\/wp-content\/uploads\/2020\/12\/balls-1st-mockup2-300x266.jpg 300w, https:\/\/docderx.de\/wp-content\/uploads\/2020\/12\/balls-1st-mockup2-768x682.jpg 768w\" sizes=\"(max-width: 907px) 100vw, 907px\" \/>\t\t\t\t\t\t\t\t\t\t\t<figcaption class=\"widget-image-caption wp-caption-text\">The 2nd mockup<\/figcaption>\n\t\t\t\t\t\t\t\t\t\t<\/figure>\n\t\t\t\t\t\t\t\t\t<\/div>\n\t\t\t\t<\/div>\n\t\t\t\t\t<\/div>\n\t\t<\/div>\n\t\t\t\t\t\t\t<\/div>\n\t\t<\/section>\n\t\t\t\t\t\t<\/div>\n\t\t\t\t\t<\/div>\n\t\t","protected":false},"excerpt":{"rendered":"<div class=\"entry-summary\">\nExtrem helle (~1200 Lumen) per Web-Interface programmierbare LED Jonglierb\u00e4lle.Eigenentwicklung im Kundenauftrag.Durch Nutzung eines speziellen verbindungslosen Protokolls, ist nicht nur die&hellip;\n<\/div>\n<div class=\"link-more\"><a href=\"https:\/\/docderx.de\/?page_id=63\" class=\"more-link\">Continue reading<span class=\"screen-reader-text\"> &ldquo;LED Balls&rdquo;<\/span>&hellip;<\/a><\/div>\n","protected":false},"author":1,"featured_media":0,"parent":0,"menu_order":0,"comment_status":"closed","ping_status":"closed","template":"","meta":[],"_links":{"self":[{"href":"https:\/\/docderx.de\/index.php?rest_route=\/wp\/v2\/pages\/63"}],"collection":[{"href":"https:\/\/docderx.de\/index.php?rest_route=\/wp\/v2\/pages"}],"about":[{"href":"https:\/\/docderx.de\/index.php?rest_route=\/wp\/v2\/types\/page"}],"author":[{"embeddable":true,"href":"https:\/\/docderx.de\/index.php?rest_route=\/wp\/v2\/users\/1"}],"replies":[{"embeddable":true,"href":"https:\/\/docderx.de\/index.php?rest_route=%2Fwp%2Fv2%2Fcomments&post=63"}],"version-history":[{"count":22,"href":"https:\/\/docderx.de\/index.php?rest_route=\/wp\/v2\/pages\/63\/revisions"}],"predecessor-version":[{"id":233,"href":"https:\/\/docderx.de\/index.php?rest_route=\/wp\/v2\/pages\/63\/revisions\/233"}],"wp:attachment":[{"href":"https:\/\/docderx.de\/index.php?rest_route=%2Fwp%2Fv2%2Fmedia&parent=63"}],"curies":[{"name":"wp","href":"https:\/\/api.w.org\/{rel}","templated":true}]}}